{"id":97,"date":"2021-07-08T21:23:44","date_gmt":"2021-07-08T21:23:44","guid":{"rendered":"http:\/\/unionyretorno.com\/?page_id=97"},"modified":"2022-03-18T20:08:03","modified_gmt":"2022-03-18T20:08:03","slug":"terminos-y-condiciones","status":"publish","type":"page","link":"https:\/\/unionyretorno.com\/?page_id=97","title":{"rendered":"T\u00e9rminos y condiciones"},"content":{"rendered":"\t\t<div data-elementor-type=\"wp-post\" data-elementor-id=\"97\" class=\"elementor elementor-97\">\n\t\t\t\t\t\t<section class=\"elementor-section elementor-top-section elementor-element elementor-element-649a137 elementor-section-boxed elementor-section-height-default elementor-section-height-default\" data-id=\"649a137\" data-element_type=\"section\">\n\t\t\t\t\t\t<div class=\"elementor-container elementor-column-gap-default\">\n\t\t\t\t\t<div class=\"elementor-column elementor-col-100 elementor-top-column elementor-element elementor-element-2349ad2\" data-id=\"2349ad2\" data-element_type=\"column\">\n\t\t\t<div class=\"elementor-widget-wrap elementor-element-populated\">\n\t\t\t\t\t\t<div class=\"elementor-element elementor-element-390bd09 elementor-widget elementor-widget-text-editor\" data-id=\"390bd09\" data-element_type=\"widget\" data-widget_type=\"text-editor.default\">\n\t\t\t\t<div class=\"elementor-widget-container\">\n\t\t\t\t\t\t\t<div class=\"elementor-element elementor-element-f977160 elementor-widget elementor-widget-heading\" data-id=\"f977160\" data-element_type=\"widget\" data-widget_type=\"heading.default\"><div class=\"elementor-widget-container\"><h2 class=\"elementor-heading-title elementor-size-default\"><span style=\"color: #000000;\">T\u00c9RMINOS Y CONDICIONES<\/span><\/h2><\/div><\/div><div class=\"elementor-element elementor-element-3fe2522 elementor-widget elementor-widget-text-editor\" data-id=\"3fe2522\" data-element_type=\"widget\" data-widget_type=\"text-editor.default\"><div class=\"elementor-widget-container\"><div class=\"elementor-text-editor elementor-clearfix\"><p>Centro de Uni\u00f3n y Retorno es una web orientada en ayuda espiritual.<\/p><p>De acuerdo a las legislaciones vigentes en ciertos pa\u00edses se establece que las predicciones, videncias ps\u00edquicas y hechizos, tienen como fin solamente un entretenimiento y ayuda personal. S\u00f3lo pueden acceder y hacer uso de nuestro sitio personas que sean mayores de 18 a\u00f1os. El uso de \u00e9ste sitio es exclusivamente para personas que cumplan con la mayor\u00eda de edad legal en su pa\u00eds de residencia y que disponga de la capacidad jur\u00eddica para contratar y utilizar sitios web. El uso de los textos y servicios que son ofrecidos en \u00e9ste sitio web depende de cada lector, y cambian seg\u00fan sea sus propias preferencias. Acatando las legislaciones vigentes, que establecen que las predicciones, videncias ps\u00edquicas, lecturas de cartas, servicios o trabajos esot\u00e9ricos, son solamente con el fin de entretenimiento y ayuda personal, y que en ning\u00fan momento los trabajos o servicios que se ofrecen en \u00e9ste sitio, no sustituyen la debida atenci\u00f3n m\u00e9dica, legal, financiera y psicol\u00f3gica. Si est\u00e1s de acuerdo con que los servicios que se prestan, los encargas porque as\u00ed lo deseas y que son por tu propia voluntad. Entonces bienvenid@ a nuestra web. Despu\u00e9s de leer esto Usted entiende y comprende estar de acuerdo con \u00e9ste sitio web, y con sus gu\u00edas espirituales, que ninguna empresa afiliada o subsidiaria ser\u00e1 responsable por da\u00f1os o p\u00e9rdidas relacionadas con nuestras condiciones. Ni por el uso que Usted haga del contenido de nuestro sitio web, ya sea por tel\u00e9fono, correo o en vivo. Usted est\u00e1 de acuerdo en defender, indemnizar y no culpar a \u00e9ste sitio web y sus gu\u00edas espirituales, por cualquier clase de responsabilidad, p\u00e9rdida, reclamo, gastos y cualquier consecuencia relacionada con las pol\u00edticas o servicios que nosotros ofrecemos a trav\u00e9s de nuestro sitio web. Los servicios que brindamos son espirituales, por lo tanto no se garantizan.<\/p><\/div><\/div><\/div>\t\t\t\t\t\t<\/div>\n\t\t\t\t<\/div>\n\t\t\t\t\t<\/div>\n\t\t<\/div>\n\t\t\t\t\t<\/div>\n\t\t<\/section>\n\t\t\t\t<\/div>\n\t\t","protected":false},"excerpt":{"rendered":"<p>T\u00c9RMINOS Y CONDICIONES Centro de Uni\u00f3n y Retorno es una web orientada en ayuda espiritual. De acuerdo a las legislaciones vigentes en ciertos pa\u00edses se establece que las predicciones, videncias ps\u00edquicas y hechizos, tienen como fin solamente un entretenimiento y ayuda personal. S\u00f3lo pueden acceder y hacer uso de nuestro sitio personas que sean mayores [&hellip;]<\/p>\n","protected":false},"author":1,"featured_media":0,"parent":0,"menu_order":0,"comment_status":"closed","ping_status":"closed","template":"","meta":{"site-sidebar-layout":"no-sidebar","site-content-layout":"page-builder","ast-site-content-layout":"","site-content-style":"default","site-sidebar-style":"default","ast-global-header-display":"","ast-banner-title-visibility":"","ast-main-header-display":"","ast-hfb-above-header-display":"","ast-hfb-below-header-display":"","ast-hfb-mobile-header-display":"","site-post-title":"disabled","ast-breadcrumbs-content":"","ast-featured-img":"disabled","footer-sml-layout":"","theme-transparent-header-meta":"","adv-header-id-meta":"","stick-header-meta":"","header-above-stick-meta":"","header-main-stick-meta":"","header-below-stick-meta":"","astra-migrate-meta-layouts":"default","ast-page-background-enabled":"default","ast-page-background-meta":{"desktop":{"background-color":"var(--ast-global-color-4)","background-image":"","background-repeat":"repeat","background-position":"center center","background-size":"auto","background-attachment":"scroll","background-type":"","background-media":"","overlay-type":"","overlay-color":"","overlay-opacity":"","overlay-gradient":""},"tablet":{"background-color":"","background-image":"","background-repeat":"repeat","background-position":"center center","background-size":"auto","background-attachment":"scroll","background-type":"","background-media":"","overlay-type":"","overlay-color":"","overlay-opacity":"","overlay-gradient":""},"mobile":{"background-color":"","background-image":"","background-repeat":"repeat","background-position":"center center","background-size":"auto","background-attachment":"scroll","background-type":"","background-media":"","overlay-type":"","overlay-color":"","overlay-opacity":"","overlay-gradient":""}},"ast-content-background-meta":{"desktop":{"background-color":"var(--ast-global-color-5)","background-image":"","background-repeat":"repeat","background-position":"center center","background-size":"auto","background-attachment":"scroll","background-type":"","background-media":"","overlay-type":"","overlay-color":"","overlay-opacity":"","overlay-gradient":""},"tablet":{"background-color":"var(--ast-global-color-5)","background-image":"","background-repeat":"repeat","background-position":"center center","background-size":"auto","background-attachment":"scroll","background-type":"","background-media":"","overlay-type":"","overlay-color":"","overlay-opacity":"","overlay-gradient":""},"mobile":{"background-color":"var(--ast-global-color-5)","background-image":"","background-repeat":"repeat","background-position":"center center","background-size":"auto","background-attachment":"scroll","background-type":"","background-media":"","overlay-type":"","overlay-color":"","overlay-opacity":"","overlay-gradient":""}},"footnotes":""},"aioseo_notices":[],"_links":{"self":[{"href":"https:\/\/unionyretorno.com\/index.php?rest_route=\/wp\/v2\/pages\/97"}],"collection":[{"href":"https:\/\/unionyretorno.com\/index.php?rest_route=\/wp\/v2\/pages"}],"about":[{"href":"https:\/\/unionyretorno.com\/index.php?rest_route=\/wp\/v2\/types\/page"}],"author":[{"embeddable":true,"href":"https:\/\/unionyretorno.com\/index.php?rest_route=\/wp\/v2\/users\/1"}],"replies":[{"embeddable":true,"href":"https:\/\/unionyretorno.com\/index.php?rest_route=%2Fwp%2Fv2%2Fcomments&post=97"}],"version-history":[{"count":13,"href":"https:\/\/unionyretorno.com\/index.php?rest_route=\/wp\/v2\/pages\/97\/revisions"}],"predecessor-version":[{"id":207,"href":"https:\/\/unionyretorno.com\/index.php?rest_route=\/wp\/v2\/pages\/97\/revisions\/207"}],"wp:attachment":[{"href":"https:\/\/unionyretorno.com\/index.php?rest_route=%2Fwp%2Fv2%2Fmedia&parent=97"}],"curies":[{"name":"wp","href":"https:\/\/api.w.org\/{rel}","templated":true}]}}